{"id":1173,"date":"2019-10-22T12:20:23","date_gmt":"2019-10-22T10:20:23","guid":{"rendered":"http:\/\/olena.wstart.fr\/particularites-de-mon-approche\/"},"modified":"2020-01-18T15:06:24","modified_gmt":"2020-01-18T14:06:24","slug":"particularites-de-mon-approche","status":"publish","type":"page","link":"https:\/\/www.olenapicon-aide-psy.com\/ru\/particularites-de-mon-approche\/","title":{"rendered":"\u041e\u0441\u043e\u0431\u0435\u043d\u043d\u043e\u0441\u0442\u0438 \u043c\u043e\u0435\u0433\u043e \u043f\u043e\u0434\u0445\u043e\u0434\u0430"},"content":{"rendered":"[vc_row type=&#187;full_width_background&#187; full_screen_row_position=&#187;middle&#187; column_margin=&#187;default&#187; scene_position=&#187;center&#187; text_color=&#187;light&#187; text_align=&#187;left&#187; top_padding=&#187;2%&#187; bottom_padding=&#187;2%&#187; color_overlay=&#187;#6397ea&#187; overlay_strength=&#187;1&#8243; shape_divider_position=&#187;bottom&#187; bg_image_animation=&#187;none&#187; shape_type=&#187;&#187;][vc_column column_padding=&#187;no-extra-padding&#187; column_padding_position=&#187;all&#187; background_color_opacity=&#187;1&#8243; background_hover_color_opacity=&#187;1&#8243; column_link_target=&#187;_self&#187; column_shadow=&#187;none&#187; column_border_radius=&#187;none&#187; width=&#187;1\/1&#8243; tablet_width_inherit=&#187;default&#187; tablet_text_alignment=&#187;default&#187; phone_text_alignment=&#187;default&#187; overlay_strength=&#187;0.3&#8243; column_border_width=&#187;none&#187; column_border_style=&#187;solid&#187; bg_image_animation=&#187;none&#187;][vc_column_text el_class=&#187;title_page_vnt&#187;]\n<h1><span style=\"font-size: 38px;\">\u041e\u0441\u043e\u0431\u0435\u043d\u043d\u043e\u0441\u0442\u0438 \u043c\u043e\u0435\u0433\u043e \u043f\u043e\u0434\u0445\u043e\u0434\u0430<\/span><\/h1>\n[\/vc_column_text][\/vc_column][\/vc_row][vc_row type=&#187;in_container&#187; full_screen_row_position=&#187;middle&#187; column_margin=&#187;default&#187; scene_position=&#187;center&#187; text_color=&#187;dark&#187; text_align=&#187;left&#187; top_padding=&#187;2%&#187; bottom_padding=&#187;2%&#187; overlay_strength=&#187;0.3&#8243; shape_divider_position=&#187;bottom&#187; bg_image_animation=&#187;none&#187; shape_type=&#187;&#187;][vc_column column_padding=&#187;no-extra-padding&#187; column_padding_position=&#187;all&#187; background_color_opacity=&#187;1&#8243; background_hover_color_opacity=&#187;1&#8243; column_link_target=&#187;_self&#187; column_shadow=&#187;none&#187; column_border_radius=&#187;none&#187; width=&#187;1\/1&#8243; tablet_width_inherit=&#187;default&#187; tablet_text_alignment=&#187;default&#187; phone_text_alignment=&#187;default&#187; overlay_strength=&#187;0.3&#8243; column_border_width=&#187;none&#187; column_border_style=&#187;solid&#187; bg_image_animation=&#187;none&#187;][vc_row_inner column_margin=&#187;default&#187; text_align=&#187;left&#187;][vc_column_inner column_padding=&#187;no-extra-padding&#187; column_padding_position=&#187;all&#187; background_color_opacity=&#187;1&#8243; background_hover_color_opacity=&#187;1&#8243; column_shadow=&#187;none&#187; column_border_radius=&#187;none&#187; column_link_target=&#187;_self&#187; width=&#187;1\/1&#8243; tablet_width_inherit=&#187;default&#187; overlay_strength=&#187;0.3&#8243; column_border_width=&#187;none&#187; column_border_style=&#187;solid&#187; bg_image_animation=&#187;none&#187;][vc_column_text]Dans mon travail avec les patients, j\u2019utilise l\u2019approche humaniste existentielle.<\/p>\n<p><strong>Qu\u2019est-ce que la psychoth\u00e9rapie en approche humaniste-existentielle ? <\/strong><\/p>\n<p>C\u2019est le processus de travail profond, qui gu\u00e9rit l\u2019\u00e2me de la personne et restitue son int\u00e9grit\u00e9.<\/p>\n<p><strong>La particularit\u00e9 de mon travail th\u00e9rapeutique<\/strong> :<\/p>\n<p>On ne met pas au centre de notre travail commun le probl\u00e8me du patient mais la personne (le patient) lui-m\u00eame.<\/p>\n<p>Je vois mon patient comme une personne qui est unique dans ce monde et qui poss\u00e8de d&#8217;une personnalit\u00e9 unique. Je d\u00e9couvre sa personnalit\u00e9 en th\u00e9rapie en utilisant l&#8217;\u00e9coute active, l&#8217;empathie, la compassion, l&#8217;acceptation, le non jugement, mes connaissances en psychologie, mon exp\u00e9rience pr\u00e9c\u00e9dente.<\/p>\n<p>Mon objectif comme psychoth\u00e9rapeute est d\u2019aider mon patient \u00e0 r\u00e9soudre son probl\u00e8me de telle mani\u00e8re que plus tard il puisse r\u00e9soudre ses probl\u00e8mes tout seul.<\/p>\n<p><strong>Le psychologue Serge Ginger a \u00e9crit sur le site de la FF2P<\/strong><\/p>\n<p>\u00ab La psychoth\u00e9rapie a pour objet de traiter le mal-\u00eatre que chacun peut rencontrer un jour dans sa vie. Selon les personnes et les circonstances, ce mal-\u00eatre se manifeste dans le domaine psychologique, existentiel, affectif, sexuel, relationnel ou social. \u00bb<\/p>\n<p>\u00ab L\u2019objectif\u00a0\u00a0 des\u00a0 m\u00e9thodes\u00a0 humanistes\u00a0 est\u00a0\u00a0 de\u00a0 rendre\u00a0 \u00e0\u00a0 l&#8217; homme\u00a0 toute\u00a0 sa\u00a0 dignit\u00e9,<\/p>\n<ul>\n<li>son droit au respect de ses cinq dimensions principales : physique, affective, cognitive, sociale et spirituelle.<\/li>\n<li>son droit \u00e0\u00a0 valoriser\u00a0 son\u00a0 corps\u00a0 et\u00a0 ses\u00a0 sensations, \u00e0\u00a0 satisfaire\u00a0 ses\u00a0 besoins vitaux fondamentaux,\u00a0 \u00e0\u00a0 exprimer\u00a0 ses\u00a0 \u00e9motions ;<\/li>\n<li>son droit \u00e0 construire son unicit\u00e9, cela dans le respect de la sp\u00e9cificit\u00e9 de chacun (droit \u00e0 la diff\u00e9rence ) ;<\/li>\n<li>son droit \u00e0\u00a0 s&#8217;\u00e9panouir\u00a0 et\u00a0 r\u00e9aliser\u00a0 tout\u00a0 son \u00eatre, sans se limiter \u00e0 l&#8217;avoir et au faire, \u00e0 \u00e9laborer\u00a0 ses\u00a0 propres\u00a0 valeurs\u00a0 individuelles,\u00a0 sociales et\u00a0 spirituelles. \u00bb<\/li>\n<\/ul>\n<p>En th\u00e9rapie, nous explorons la situation probl\u00e9matique de mon patient, nous accordons \u00e9galement de l\u2019attention \u00e0 ses aspects \u00e9motionnels et sentimentaux. Et nous accordons plus d&#8217;attention au pr\u00e9sent du patient qu\u2019\u00e0 son pass\u00e9.<\/p>\n<p>Gr\u00e2ce \u00e0 ce travail, cette personne se d\u00e9veloppe et change. Le patient apprend \u00e0 effectuer le choix ind\u00e9pendant et important pour lui. Il devient plus authentique, int\u00e9gr\u00e9 et ind\u00e9pendant. Il se fait plus conscient dans sa vie, il se comprend mieux et comprend mieux sa participation \u00e0 sa vie propre. Il apprend \u00e0 mieux la diriger. Sa vision change. Ses relations avec les autres deviennent plus m\u00fbres.<\/p>\n<p><strong>Relations th\u00e9rapeutiques ou alliance th\u00e9rapeutique.<\/strong><\/p>\n<p>La particularit\u00e9 de cette th\u00e9rapie est que je porte beaucoup d\u2019attention \u00e0 la construction des relations th\u00e9rapeutiques avec mon patient, autrement dit, des relations qui vont l\u2019aider \u00e0 se sentir compris, accept\u00e9, non jug\u00e9, soutenu, \u00e0 explorer et \u00e0 r\u00e9soudre son probl\u00e8me. Ce sont des relations qui sont bas\u00e9es sur la confiance, l\u2019empathie, la compassion, l\u2019\u00e9coute, la pr\u00e9sence, le non-jugement, l\u2019acceptation, la coop\u00e9ration, la confidentialit\u00e9, l\u2019\u00e9galit\u00e9, le respect r\u00e9ciproque. Ces relations sont capables d\u2019 amener une personne aux changements qui lui sont n\u00e9cessaires pour r\u00e9gler son probl\u00e8me, pour surmonter sa souffrance, pour aller mieux. Pour savoir construire ces relations, le psychoth\u00e9rapeute doit faire sa propre th\u00e9rapie et la supervision. Il doit savoir \u00eatre ouvert aux autres et en m\u00eame temps \u00eatre prot\u00e9g\u00e9. On devient capable d\u2019avoir la compassion envers les autres, de les entendre si on voit ses propres blessures et si on fait un travail pour les soigner, si on voit ses propres limites et si on les accepte, si on connait ses propres ressources et si on les utilise pour avancer dans sa vie.[\/vc_column_text][\/vc_column_inner][\/vc_row_inner][\/vc_column][\/vc_row][vc_row type=&#187;full_width_content&#187; full_screen_row_position=&#187;middle&#187; equal_height=&#187;yes&#187; column_margin=&#187;default&#187; scene_position=&#187;center&#187; text_color=&#187;light&#187; text_align=&#187;left&#187; overlay_strength=&#187;0.3&#8243; shape_divider_position=&#187;bottom&#187; bg_image_animation=&#187;none&#187; shape_type=&#187;&#187;][vc_column column_padding=&#187;no-extra-padding&#187; column_padding_position=&#187;all&#187; background_color_opacity=&#187;1&#8243; background_hover_color_opacity=&#187;1&#8243; column_link_target=&#187;_self&#187; column_shadow=&#187;none&#187; column_border_radius=&#187;none&#187; width=&#187;1\/2&#8243; tablet_width_inherit=&#187;default&#187; tablet_text_alignment=&#187;default&#187; phone_text_alignment=&#187;default&#187; overlay_strength=&#187;0.3&#8243; column_border_width=&#187;none&#187; column_border_style=&#187;solid&#187; bg_image_animation=&#187;none&#187;][nectar_gmap map_type=&#187;google&#187; zoom=&#187;18&#8243; enable_zoom=&#187;1&#8243; marker_style=&#187;nectar&#187; nectar_marker_color=&#187;accent-color&#187; marker_animation=&#187;1&#8243; map_greyscale=&#187;1&#8243; map_color=&#187;#6397ea&#187; size=&#187;550&#8243; map_center_lat=&#187;43.469914&#8243; map_center_lng=&#187;1.338078&#8243; map_markers=&#187;43.469914|1.338078|&#187;][\/vc_column][vc_column column_padding=&#187;padding-4-percent&#187; column_padding_position=&#187;all&#187; background_color_opacity=&#187;0.9&#8243; background_hover_color_opacity=&#187;1&#8243; background_image=&#187;123&#8243; enable_bg_scale=&#187;true&#187; column_link_target=&#187;_self&#187; column_shadow=&#187;none&#187; column_border_radius=&#187;none&#187; width=&#187;1\/2&#8243; tablet_width_inherit=&#187;default&#187; tablet_text_alignment=&#187;default&#187; phone_text_alignment=&#187;default&#187; color_overlay=&#187;#6397ea&#187; overlay_strength=&#187;1&#8243; column_border_width=&#187;none&#187; column_border_style=&#187;solid&#187; bg_image_animation=&#187;none&#187;][vc_column_text css_animation=&#187;none&#187; el_class=&#187;title_cont&#187;]\u041a\u043e\u043d\u0442\u0430\u043a\u0442\u044b[\/vc_column_text][divider line_type=&#187;Small Line&#187; line_alignment=&#187;default&#187; line_thickness=&#187;3&#8243; divider_color=&#187;extra-color-1&#8243; custom_height=&#187;0&#8243; custom_line_width=&#187;120&#8243; delay=&#187;100&#8243;][vc_column_text css_animation=&#187;none&#187;]\n<ul class=\"contact_info\">\n<li id=\"adress\"><a href=\"https:\/\/www.google.com\/maps\/place\/Psychoth%C3%A9rapeute+agr%C3%A9%C3%A9e+ARS+Olena+Picon\/@43.4698889,1.336855,17z\/data=!4m5!3m4!1s0x12aec9d0975cf947:0xef2d7cb336ab0952!8m2!3d43.4698928!4d1.3381103\" target=\"_blank\" rel=\"noopener noreferrer\">24 rue du Chanoine Bonhoure, 31600 Muret<\/a><\/li>\n<li id=\"phone\"><a href=\"tel:+33647654293\">06 47 65 42 93<\/a><\/li>\n<li id=\"mail\"><a href=\"mailto:olena.picon@gmail.com \">olena.picon@gmail.com<\/a><\/li>\n<li id=\"contacte\"><a href=\"\/ru\/contact\/\">\u041a\u043e\u043d\u0441\u0443\u043b\u044c\u0442\u0430\u0446\u0438\u0438 \u043f\u043e \u043f\u0440\u0435\u0434\u0432\u0430\u0440\u0438\u0442\u0435\u043b\u044c\u043d\u043e\u0439 \u0437\u0430\u043f\u0438\u0441\u0438<\/a><\/li>\n<\/ul>\n[\/vc_column_text][\/vc_column][\/vc_row]\n","protected":false},"excerpt":{"rendered":"<p>[vc_row type=&#187;full_width_background&#187; full_screen_row_position=&#187;middle&#187; column_margin=&#187;default&#187; scene_position=&#187;center&#187; text_color=&#187;light&#187; text_align=&#187;left&#187; top_padding=&#187;2%&#187; bottom_padding=&#187;2%&#187; color_overlay=&#187;#6397ea&#187; overlay_strength=&#187;1&#8243; shape_divider_position=&#187;bottom&#187; bg_image_animation=&#187;none&#187; shape_type=&#187;&#187;][vc_column column_padding=&#187;no-extra-padding&#187; column_padding_position=&#187;all&#187; background_color_opacity=&#187;1&#8243; background_hover_color_opacity=&#187;1&#8243; column_link_target=&#187;_self&#187; column_shadow=&#187;none&#187; column_border_radius=&#187;none&#187; width=&#187;1\/1&#8243; tablet_width_inherit=&#187;default&#187; tablet_text_alignment=&#187;default&#187; phone_text_alignment=&#187;default&#187; overlay_strength=&#187;0.3&#8243; column_border_width=&#187;none&#187; column_border_style=&#187;solid&#187; bg_image_animation=&#187;none&#187;][vc_column_text el_class=&#187;title_page_vnt&#187;]&#8230;<\/p>\n","protected":false},"author":1,"featured_media":0,"parent":0,"menu_order":0,"comment_status":"closed","ping_status":"closed","template":"","meta":{"om_disable_all_campaigns":false,"_monsterinsights_skip_tracking":false,"_monsterinsights_sitenote_active":false,"_monsterinsights_sitenote_note":"","_monsterinsights_sitenote_category":0},"aioseo_notices":[],"_links":{"self":[{"href":"https:\/\/www.olenapicon-aide-psy.com\/ru\/wp-json\/wp\/v2\/pages\/1173\/"}],"collection":[{"href":"https:\/\/www.olenapicon-aide-psy.com\/ru\/wp-json\/wp\/v2\/pages\/"}],"about":[{"href":"https:\/\/www.olenapicon-aide-psy.com\/ru\/wp-json\/wp\/v2\/types\/page\/"}],"author":[{"embeddable":true,"href":"https:\/\/www.olenapicon-aide-psy.com\/ru\/wp-json\/wp\/v2\/users\/1\/"}],"replies":[{"embeddable":true,"href":"https:\/\/www.olenapicon-aide-psy.com\/ru\/wp-json\/wp\/v2\/comments\/?post=1173"}],"version-history":[{"count":5,"href":"https:\/\/www.olenapicon-aide-psy.com\/ru\/wp-json\/wp\/v2\/pages\/1173\/revisions\/"}],"predecessor-version":[{"id":1283,"href":"https:\/\/www.olenapicon-aide-psy.com\/ru\/wp-json\/wp\/v2\/pages\/1173\/revisions\/1283\/"}],"wp:attachment":[{"href":"https:\/\/www.olenapicon-aide-psy.com\/ru\/wp-json\/wp\/v2\/media\/?parent=1173"}],"curies":[{"name":"wp","href":"https:\/\/api.w.org\/{rel}","templated":true}]}}